{"id":108,"date":"2020-09-14T19:34:16","date_gmt":"2020-09-14T17:34:16","guid":{"rendered":"http:\/\/madascota.com\/?page_id=108"},"modified":"2020-09-19T20:54:11","modified_gmt":"2020-09-19T18:54:11","slug":"soigner-nourir-reconforter","status":"publish","type":"page","link":"https:\/\/madascota.com\/index.php\/soigner-nourir-reconforter\/","title":{"rendered":"Soigner, nourir, r\u00e9conforter"},"content":{"rendered":"\n<p>Les infrastructures v\u00e9t\u00e9rinaires, \u00e0 Madagascar sont assez sommaires, voire inexistantes \u00e0 Nosy Be. Les v\u00e9t\u00e9rinaires font sur place avec les moyens du bord&nbsp;: ils ne poss\u00e8dent ni mat\u00e9riel d\u2019exploration, ni cabinet, et pour la plupart se rendent chez les habitants, pour s\u2019occuper des animaux de ferme ayant une valeur marchande.<\/p>\n\n\n\n<p>Nous avons donc d\u00e9cid\u00e9 de leur venir en aide en leur apportant un soutien logistique et en leur fournissant notamment les m\u00e9dicaments et l\u2019aide mat\u00e9rielle qui pourraient am\u00e9liorer la prise en charge des animaux et plus particuli\u00e8rement des chiens et chats.<\/p>\n\n\n\n<p>Nos b\u00e9n\u00e9voles travaillent en \u00e9troite collaboration avec les v\u00e9t\u00e9rinaires locaux qui prennent en charge nos petits rescap\u00e9s.<\/p>\n\n\n\n<p>Nous avons en effet sur place des familles d\u2019accueil d\u00e9vou\u00e9es \u00e0 notre cause qui recueillent les chiens et chats en grande d\u00e9tresse pour leur apporter toute l\u2019aide et l\u2019assistance dont ils ont besoin.<\/p>\n\n\n\n<p>Nous tentons \u00e9galement de leur apporter tout le r\u00e9confort et la tendresse dont ils ont pu manquer de fa\u00e7on \u00e0 leur redonner confiance en l\u2019homme.<\/p>\n\n\n\n<div class=\"wp-block-image\"><figure class=\"alignleft size-medium is-resized\"><img loading=\"lazy\" decoding=\"async\" src=\"http:\/\/madascota.com\/wp-content\/uploads\/2020\/09\/Image3-300x196.jpg\" alt=\"\" class=\"wp-image-144\" width=\"471\" height=\"308\" srcset=\"https:\/\/madascota.com\/wp-content\/uploads\/2020\/09\/Image3-300x196.jpg 300w, https:\/\/madascota.com\/wp-content\/uploads\/2020\/09\/Image3-768x501.jpg 768w, https:\/\/madascota.com\/wp-content\/uploads\/2020\/09\/Image3.jpg 870w\" sizes=\"(max-width: 471px) 100vw, 471px\" \/><\/figure><\/div>\n\n\n\n<div class=\"wp-block-image\"><figure class=\"alignright size-large is-resized\"><img loading=\"lazy\" decoding=\"async\" src=\"http:\/\/madascota.com\/wp-content\/uploads\/2020\/09\/Image4.jpg\" alt=\"\" class=\"wp-image-145\" width=\"356\" height=\"419\"\/><\/figure><\/div>\n\n\n\n<div class=\"wp-block-image\"><figure class=\"alignright size-medium is-resized\"><img loading=\"lazy\" decoding=\"async\" src=\"http:\/\/madascota.com\/wp-content\/uploads\/2020\/09\/Image5-300x260.jpg\" alt=\"\" class=\"wp-image-146\" width=\"389\" height=\"337\" srcset=\"https:\/\/madascota.com\/wp-content\/uploads\/2020\/09\/Image5-300x260.jpg 300w, https:\/\/madascota.com\/wp-content\/uploads\/2020\/09\/Image5.jpg 304w\" sizes=\"(max-width: 389px) 100vw, 389px\" \/><\/figure><\/div>\n\n\n\n<div class=\"wp-block-image\"><figure class=\"alignleft size-large is-resized\"><a href=\"https:\/\/www.facebook.com\/Madascota-Animal-Aid-107926887629971\" target=\"_blank\" rel=\"noopener noreferrer\"><img loading=\"lazy\" decoding=\"async\" src=\"http:\/\/madascota.com\/wp-content\/uploads\/2020\/09\/facebook-1-1024x1024.jpg\" alt=\"\" class=\"wp-image-175\" width=\"58\" height=\"58\" srcset=\"https:\/\/madascota.com\/wp-content\/uploads\/2020\/09\/facebook-1-1024x1024.jpg 1024w, https:\/\/madascota.com\/wp-content\/uploads\/2020\/09\/facebook-1-300x300.jpg 300w, https:\/\/madascota.com\/wp-content\/uploads\/2020\/09\/facebook-1-150x150.jpg 150w, https:\/\/madascota.com\/wp-content\/uploads\/2020\/09\/facebook-1-768x768.jpg 768w, https:\/\/madascota.com\/wp-content\/uploads\/2020\/09\/facebook-1-1536x1536.jpg 1536w, https:\/\/madascota.com\/wp-content\/uploads\/2020\/09\/facebook-1.jpg 1600w\" sizes=\"(max-width: 58px) 100vw, 58px\" \/><\/a><\/figure><\/div>\n\n\n\n<div class=\"wp-block-image\"><figure class=\"alignleft size-large is-resized\"><img loading=\"lazy\" decoding=\"async\" src=\"http:\/\/madascota.com\/wp-content\/uploads\/2020\/09\/Instagram-1-edited.jpg\" alt=\"\" class=\"wp-image-177\" width=\"57\" height=\"57\" srcset=\"https:\/\/madascota.com\/wp-content\/uploads\/2020\/09\/Instagram-1-edited.jpg 391w, https:\/\/madascota.com\/wp-content\/uploads\/2020\/09\/Instagram-1-edited-300x300.jpg 300w, https:\/\/madascota.com\/wp-content\/uploads\/2020\/09\/Instagram-1-edited-150x150.jpg 150w\" sizes=\"(max-width: 57px) 100vw, 57px\" \/><\/figure><\/div>\n\n\n\n<div class=\"wp-block-image\"><figure class=\"alignleft size-large is-resized\"><a href=\"http:\/\/madascota.com\/index.php\/contact\/\" target=\"_blank\" rel=\"noopener noreferrer\"><img loading=\"lazy\" decoding=\"async\" src=\"http:\/\/madascota.com\/wp-content\/uploads\/2020\/09\/Mail-1-1024x1024.jpg\" alt=\"\" class=\"wp-image-178\" width=\"61\" height=\"61\" srcset=\"https:\/\/madascota.com\/wp-content\/uploads\/2020\/09\/Mail-1-1024x1024.jpg 1024w, https:\/\/madascota.com\/wp-content\/uploads\/2020\/09\/Mail-1-300x300.jpg 300w, https:\/\/madascota.com\/wp-content\/uploads\/2020\/09\/Mail-1-150x150.jpg 150w, https:\/\/madascota.com\/wp-content\/uploads\/2020\/09\/Mail-1-768x768.jpg 768w, https:\/\/madascota.com\/wp-content\/uploads\/2020\/09\/Mail-1.jpg 1200w\" sizes=\"(max-width: 61px) 100vw, 61px\" \/><\/a><\/figure><\/div>\n\n\n\n<div class=\"wp-block-image\"><figure class=\"alignleft size-large is-resized\"><a href=\"https:\/\/www.helloasso.com\/associations\/madascota-animal-aid\"><img loading=\"lazy\" decoding=\"async\" src=\"http:\/\/madascota.com\/wp-content\/uploads\/2020\/09\/HelloAsso-edited.jpg\" alt=\"\" class=\"wp-image-215\" width=\"55\" height=\"55\" srcset=\"https:\/\/madascota.com\/wp-content\/uploads\/2020\/09\/HelloAsso-edited.jpg 201w, https:\/\/madascota.com\/wp-content\/uploads\/2020\/09\/HelloAsso-edited-150x150.jpg 150w\" sizes=\"(max-width: 55px) 100vw, 55px\" \/><\/a><\/figure><\/div>\n\n\n\n<div class=\"wp-block-image\"><figure class=\"alignleft size-large is-resized\"><a href=\"https:\/\/www.teaming.net\/madascotaanimalaid\"><img loading=\"lazy\" decoding=\"async\" src=\"http:\/\/madascota.com\/wp-content\/uploads\/2020\/09\/Teaming-edited.png\" alt=\"\" class=\"wp-image-218\" width=\"54\" height=\"54\" srcset=\"https:\/\/madascota.com\/wp-content\/uploads\/2020\/09\/Teaming-edited.png 267w, https:\/\/madascota.com\/wp-content\/uploads\/2020\/09\/Teaming-edited-150x150.png 150w\" sizes=\"(max-width: 54px) 100vw, 54px\" \/><\/a><\/figure><\/div>\n","protected":false},"excerpt":{"rendered":"<p>Les infrastructures v\u00e9t\u00e9rinaires, \u00e0 Madagascar sont assez sommaires, voire inexistantes \u00e0 Nosy Be. Les v\u00e9t\u00e9rinaires &hellip; <\/p>\n","protected":false},"author":1,"featured_media":0,"parent":0,"menu_order":0,"comment_status":"closed","ping_status":"closed","template":"","meta":{"footnotes":""},"_links":{"self":[{"href":"https:\/\/madascota.com\/index.php\/wp-json\/wp\/v2\/pages\/108"}],"collection":[{"href":"https:\/\/madascota.com\/index.php\/wp-json\/wp\/v2\/pages"}],"about":[{"href":"https:\/\/madascota.com\/index.php\/wp-json\/wp\/v2\/types\/page"}],"author":[{"embeddable":true,"href":"https:\/\/madascota.com\/index.php\/wp-json\/wp\/v2\/users\/1"}],"replies":[{"embeddable":true,"href":"https:\/\/madascota.com\/index.php\/wp-json\/wp\/v2\/comments?post=108"}],"version-history":[{"count":4,"href":"https:\/\/madascota.com\/index.php\/wp-json\/wp\/v2\/pages\/108\/revisions"}],"predecessor-version":[{"id":245,"href":"https:\/\/madascota.com\/index.php\/wp-json\/wp\/v2\/pages\/108\/revisions\/245"}],"wp:attachment":[{"href":"https:\/\/madascota.com\/index.php\/wp-json\/wp\/v2\/media?parent=108"}],"curies":[{"name":"wp","href":"https:\/\/api.w.org\/{rel}","templated":true}]}}