{"id":109,"date":"2020-09-14T19:34:16","date_gmt":"2020-09-14T17:34:16","guid":{"rendered":"http:\/\/madascota.com\/?page_id=109"},"modified":"2020-09-19T20:52:33","modified_gmt":"2020-09-19T18:52:33","slug":"mettre-fin-a-la-vie-derrance-du-plus-grand-nombre","status":"publish","type":"page","link":"https:\/\/madascota.com\/index.php\/mettre-fin-a-la-vie-derrance-du-plus-grand-nombre\/","title":{"rendered":"Mettre fin \u00e0 la vie d&rsquo;errance du plus grand nombre"},"content":{"rendered":"\n<p>A Madagascar, des milliers de chiens trainent dans les rues. Ils sont tr\u00e8s souvent mal en point et leur vagabondage est tr\u00e8s peu appr\u00e9ci\u00e9 des locaux. Nous voudrions pouvoir tous les sauver, mais cela nous est pour l\u2019instant impossible. Nous tentons donc de prioriser et venons en aide aux chiens les plus durement touch\u00e9s ou en urgence vitale.<\/p>\n\n\n\n<p>A plus long terme, nous ambitionnons la cr\u00e9ation d\u2019un ou des refuge(s) pour en mettre le plus possible \u00e0 l\u2019abri. C\u2019est un gros projet et nous travaillons activement \u00e0 l\u2019\u00e9laboration du dossier. En attendant, nous mettons nos rescap\u00e9s \u00e0 l\u2019abri dans des familles d\u2019accueil qui prennent soin d\u2019eux.<\/p>\n\n\n\n<p>Les familles d\u2019accueil leur prodiguent tous les soins et l\u2019affection dont ils ont besoin. D\u00e8s que leur \u00e9tat de sant\u00e9 le permet, ils sont rapatri\u00e9s en France pour y \u00eatre adopt\u00e9s et fuir d\u00e9finitivement leur vie de mis\u00e8re, une vie sans avenir aucun. En les ramenant en France, nous leur assurons ainsi l\u2019avenir qu\u2019ils m\u00e9ritent et qu\u2019il est strictement impossible de leur donner sur l\u2019\u00eele.<\/p>\n\n\n\n<div class=\"wp-block-image\"><figure class=\"alignleft size-large is-resized\"><img loading=\"lazy\" decoding=\"async\" src=\"http:\/\/madascota.com\/wp-content\/uploads\/2020\/09\/Image6.jpg\" alt=\"\" class=\"wp-image-148\" width=\"301\" height=\"460\" srcset=\"https:\/\/madascota.com\/wp-content\/uploads\/2020\/09\/Image6.jpg 258w, https:\/\/madascota.com\/wp-content\/uploads\/2020\/09\/Image6-196x300.jpg 196w\" sizes=\"(max-width: 301px) 100vw, 301px\" \/><\/figure><\/div>\n\n\n\n<figure class=\"wp-block-image size-large is-resized\"><img loading=\"lazy\" decoding=\"async\" src=\"http:\/\/madascota.com\/wp-content\/uploads\/2020\/09\/Image7.jpg\" alt=\"\" class=\"wp-image-149\" width=\"564\" height=\"255\" srcset=\"https:\/\/madascota.com\/wp-content\/uploads\/2020\/09\/Image7.jpg 430w, https:\/\/madascota.com\/wp-content\/uploads\/2020\/09\/Image7-300x136.jpg 300w\" sizes=\"(max-width: 564px) 100vw, 564px\" \/><\/figure>\n\n\n\n<figure class=\"wp-block-image size-large is-resized\"><img loading=\"lazy\" decoding=\"async\" src=\"http:\/\/madascota.com\/wp-content\/uploads\/2020\/09\/Image8.jpg\" alt=\"\" class=\"wp-image-150\" width=\"567\" height=\"190\" srcset=\"https:\/\/madascota.com\/wp-content\/uploads\/2020\/09\/Image8.jpg 656w, https:\/\/madascota.com\/wp-content\/uploads\/2020\/09\/Image8-300x101.jpg 300w\" sizes=\"(max-width: 567px) 100vw, 567px\" \/><\/figure>\n\n\n\n<div class=\"wp-block-image\"><figure class=\"alignleft size-large is-resized\"><a href=\"https:\/\/www.facebook.com\/Madascota-Animal-Aid-107926887629971\" target=\"_blank\" rel=\"noopener noreferrer\"><img loading=\"lazy\" decoding=\"async\" src=\"http:\/\/madascota.com\/wp-content\/uploads\/2020\/09\/facebook-1-1024x1024.jpg\" alt=\"\" class=\"wp-image-175\" width=\"58\" height=\"58\" srcset=\"https:\/\/madascota.com\/wp-content\/uploads\/2020\/09\/facebook-1-1024x1024.jpg 1024w, https:\/\/madascota.com\/wp-content\/uploads\/2020\/09\/facebook-1-300x300.jpg 300w, https:\/\/madascota.com\/wp-content\/uploads\/2020\/09\/facebook-1-150x150.jpg 150w, https:\/\/madascota.com\/wp-content\/uploads\/2020\/09\/facebook-1-768x768.jpg 768w, https:\/\/madascota.com\/wp-content\/uploads\/2020\/09\/facebook-1-1536x1536.jpg 1536w, https:\/\/madascota.com\/wp-content\/uploads\/2020\/09\/facebook-1.jpg 1600w\" sizes=\"(max-width: 58px) 100vw, 58px\" \/><\/a><\/figure><\/div>\n\n\n\n<div class=\"wp-block-image\"><figure class=\"alignleft size-large is-resized\"><img loading=\"lazy\" decoding=\"async\" src=\"http:\/\/madascota.com\/wp-content\/uploads\/2020\/09\/Instagram-1-edited.jpg\" alt=\"\" class=\"wp-image-177\" width=\"57\" height=\"57\" srcset=\"https:\/\/madascota.com\/wp-content\/uploads\/2020\/09\/Instagram-1-edited.jpg 391w, https:\/\/madascota.com\/wp-content\/uploads\/2020\/09\/Instagram-1-edited-300x300.jpg 300w, https:\/\/madascota.com\/wp-content\/uploads\/2020\/09\/Instagram-1-edited-150x150.jpg 150w\" sizes=\"(max-width: 57px) 100vw, 57px\" \/><\/figure><\/div>\n\n\n\n<div class=\"wp-block-image\"><figure class=\"alignleft size-large is-resized\"><a href=\"http:\/\/madascota.com\/index.php\/contact\/\" target=\"_blank\" rel=\"noopener noreferrer\"><img loading=\"lazy\" decoding=\"async\" src=\"http:\/\/madascota.com\/wp-content\/uploads\/2020\/09\/Mail-1-1024x1024.jpg\" alt=\"\" class=\"wp-image-178\" width=\"61\" height=\"61\" srcset=\"https:\/\/madascota.com\/wp-content\/uploads\/2020\/09\/Mail-1-1024x1024.jpg 1024w, https:\/\/madascota.com\/wp-content\/uploads\/2020\/09\/Mail-1-300x300.jpg 300w, https:\/\/madascota.com\/wp-content\/uploads\/2020\/09\/Mail-1-150x150.jpg 150w, https:\/\/madascota.com\/wp-content\/uploads\/2020\/09\/Mail-1-768x768.jpg 768w, https:\/\/madascota.com\/wp-content\/uploads\/2020\/09\/Mail-1.jpg 1200w\" sizes=\"(max-width: 61px) 100vw, 61px\" \/><\/a><\/figure><\/div>\n\n\n\n<div class=\"wp-block-image\"><figure class=\"alignleft size-large is-resized\"><a href=\"https:\/\/www.helloasso.com\/associations\/madascota-animal-aid\"><img loading=\"lazy\" decoding=\"async\" src=\"http:\/\/madascota.com\/wp-content\/uploads\/2020\/09\/HelloAsso-edited.jpg\" alt=\"\" class=\"wp-image-215\" width=\"55\" height=\"55\" srcset=\"https:\/\/madascota.com\/wp-content\/uploads\/2020\/09\/HelloAsso-edited.jpg 201w, https:\/\/madascota.com\/wp-content\/uploads\/2020\/09\/HelloAsso-edited-150x150.jpg 150w\" sizes=\"(max-width: 55px) 100vw, 55px\" \/><\/a><\/figure><\/div>\n\n\n\n<div class=\"wp-block-image\"><figure class=\"alignleft size-large is-resized\"><a href=\"https:\/\/www.teaming.net\/madascotaanimalaid\"><img loading=\"lazy\" decoding=\"async\" src=\"http:\/\/madascota.com\/wp-content\/uploads\/2020\/09\/Teaming-edited.png\" alt=\"\" class=\"wp-image-218\" width=\"54\" height=\"54\" srcset=\"https:\/\/madascota.com\/wp-content\/uploads\/2020\/09\/Teaming-edited.png 267w, https:\/\/madascota.com\/wp-content\/uploads\/2020\/09\/Teaming-edited-150x150.png 150w\" sizes=\"(max-width: 54px) 100vw, 54px\" \/><\/a><\/figure><\/div>\n","protected":false},"excerpt":{"rendered":"<p>A Madagascar, des milliers de chiens trainent dans les rues. Ils sont tr\u00e8s souvent mal &hellip; <\/p>\n","protected":false},"author":1,"featured_media":0,"parent":0,"menu_order":0,"comment_status":"closed","ping_status":"closed","template":"","meta":{"footnotes":""},"_links":{"self":[{"href":"https:\/\/madascota.com\/index.php\/wp-json\/wp\/v2\/pages\/109"}],"collection":[{"href":"https:\/\/madascota.com\/index.php\/wp-json\/wp\/v2\/pages"}],"about":[{"href":"https:\/\/madascota.com\/index.php\/wp-json\/wp\/v2\/types\/page"}],"author":[{"embeddable":true,"href":"https:\/\/madascota.com\/index.php\/wp-json\/wp\/v2\/users\/1"}],"replies":[{"embeddable":true,"href":"https:\/\/madascota.com\/index.php\/wp-json\/wp\/v2\/comments?post=109"}],"version-history":[{"count":4,"href":"https:\/\/madascota.com\/index.php\/wp-json\/wp\/v2\/pages\/109\/revisions"}],"predecessor-version":[{"id":241,"href":"https:\/\/madascota.com\/index.php\/wp-json\/wp\/v2\/pages\/109\/revisions\/241"}],"wp:attachment":[{"href":"https:\/\/madascota.com\/index.php\/wp-json\/wp\/v2\/media?parent=109"}],"curies":[{"name":"wp","href":"https:\/\/api.w.org\/{rel}","templated":true}]}}