{"id":137,"date":"2020-09-15T22:35:07","date_gmt":"2020-09-15T20:35:07","guid":{"rendered":"http:\/\/madascota.com\/?page_id=137"},"modified":"2020-09-19T20:53:26","modified_gmt":"2020-09-19T18:53:26","slug":"sensibiliser-le-jeune-public-a-la-cause-animale","status":"publish","type":"page","link":"https:\/\/madascota.com\/index.php\/sensibiliser-le-jeune-public-a-la-cause-animale\/","title":{"rendered":"Sensibiliser le jeune public \u00e0 la cause animale."},"content":{"rendered":"\n<p>Dans un pays o\u00f9 la priorit\u00e9 de la plupart de la population est la survie, les chiens et les chats sont bien souvent laiss\u00e9s pour compte.<\/p>\n\n\n\n<p>La condition animale, bonne ou mauvaise participe \u00e0 la condition sanitaire du pays tout entier et donc concourt au mieux-\u00eatre de ses habitants.<\/p>\n\n\n\n<p>Nous intervenons dans des \u00e9coles ou des villages et proposons des ateliers p\u00e9dagogiques pour d\u00e9velopper l\u2019empathie de notre public envers les animaux et plus particuli\u00e8rement les chiens et les chats.<\/p>\n\n\n\n<p>Nous cherchons plus particuli\u00e8rement \u00e0 d\u00e9velopper leur rapport \u00e0 l\u2019animal et \u00e0 initier chez eux une attitude bienveillante en leur expliquant que les animaux sont dou\u00e9s tout comme eux de sentiments et d\u2019une sensibilit\u00e9 et qu\u2019ils m\u00e9ritent le respect et de l\u2019attention.<\/p>\n\n\n\n<p>Nous cherchons \u00e0 ce qu\u2019ils comprennent que l\u2019attitude positive qu\u2019ils pourraient avoir envers nos amis \u00e0 quatre pattes n\u2019influera que b\u00e9n\u00e9fiquement sur leur vie en g\u00e9n\u00e9rale et qu\u2019ils se sentiront valoris\u00e9s d\u2019avoir \u00e9t\u00e9 utiles \u00e0 un autre \u00eatre vivant<em>.<\/em><\/p>\n\n\n\n<p>C\u2019est un travail de longue haleine car certains restent accroch\u00e9s \u00e0 des croyances ancestrales qui rel\u00e8guent le chien au rang de \u00ab&nbsp;fady&nbsp;\u00bb (tabou).<\/p>\n\n\n\n<div class=\"wp-block-image\"><figure class=\"alignleft size-medium is-resized\"><img loading=\"lazy\" decoding=\"async\" src=\"http:\/\/madascota.com\/wp-content\/uploads\/2020\/09\/Image1-211x300.jpg\" alt=\"\" class=\"wp-image-138\" width=\"330\" height=\"469\" srcset=\"https:\/\/madascota.com\/wp-content\/uploads\/2020\/09\/Image1-211x300.jpg 211w, https:\/\/madascota.com\/wp-content\/uploads\/2020\/09\/Image1.jpg 252w\" sizes=\"(max-width: 330px) 100vw, 330px\" \/><\/figure><\/div>\n\n\n\n<div class=\"wp-block-group\"><div class=\"wp-block-group__inner-container is-layout-flow wp-block-group-is-layout-flow\">\n<figure class=\"wp-block-image size-large is-resized\"><img loading=\"lazy\" decoding=\"async\" src=\"http:\/\/madascota.com\/wp-content\/uploads\/2020\/09\/Image2.jpg\" alt=\"\" class=\"wp-image-139\" width=\"611\" height=\"414\" srcset=\"https:\/\/madascota.com\/wp-content\/uploads\/2020\/09\/Image2.jpg 918w, https:\/\/madascota.com\/wp-content\/uploads\/2020\/09\/Image2-300x203.jpg 300w, https:\/\/madascota.com\/wp-content\/uploads\/2020\/09\/Image2-768x520.jpg 768w\" sizes=\"(max-width: 611px) 100vw, 611px\" \/><\/figure>\n\n\n\n<p><\/p>\n\n\n\n<div class=\"wp-block-image\"><figure class=\"alignleft size-large is-resized\"><a href=\"https:\/\/www.facebook.com\/Madascota-Animal-Aid-107926887629971\" target=\"_blank\" rel=\"noopener noreferrer\"><img loading=\"lazy\" decoding=\"async\" src=\"http:\/\/madascota.com\/wp-content\/uploads\/2020\/09\/facebook-1-1024x1024.jpg\" alt=\"\" class=\"wp-image-175\" width=\"58\" height=\"58\" srcset=\"https:\/\/madascota.com\/wp-content\/uploads\/2020\/09\/facebook-1-1024x1024.jpg 1024w, https:\/\/madascota.com\/wp-content\/uploads\/2020\/09\/facebook-1-300x300.jpg 300w, https:\/\/madascota.com\/wp-content\/uploads\/2020\/09\/facebook-1-150x150.jpg 150w, https:\/\/madascota.com\/wp-content\/uploads\/2020\/09\/facebook-1-768x768.jpg 768w, https:\/\/madascota.com\/wp-content\/uploads\/2020\/09\/facebook-1-1536x1536.jpg 1536w, https:\/\/madascota.com\/wp-content\/uploads\/2020\/09\/facebook-1.jpg 1600w\" sizes=\"(max-width: 58px) 100vw, 58px\" \/><\/a><\/figure><\/div>\n\n\n\n<div class=\"wp-block-image\"><figure class=\"alignleft size-large is-resized\"><img loading=\"lazy\" decoding=\"async\" src=\"http:\/\/madascota.com\/wp-content\/uploads\/2020\/09\/Instagram-1-edited.jpg\" alt=\"\" class=\"wp-image-177\" width=\"57\" height=\"57\" srcset=\"https:\/\/madascota.com\/wp-content\/uploads\/2020\/09\/Instagram-1-edited.jpg 391w, https:\/\/madascota.com\/wp-content\/uploads\/2020\/09\/Instagram-1-edited-300x300.jpg 300w, https:\/\/madascota.com\/wp-content\/uploads\/2020\/09\/Instagram-1-edited-150x150.jpg 150w\" sizes=\"(max-width: 57px) 100vw, 57px\" \/><\/figure><\/div>\n\n\n\n<div class=\"wp-block-image\"><figure class=\"alignleft size-large is-resized\"><a href=\"http:\/\/madascota.com\/index.php\/contact\/\" target=\"_blank\" rel=\"noopener noreferrer\"><img loading=\"lazy\" decoding=\"async\" src=\"http:\/\/madascota.com\/wp-content\/uploads\/2020\/09\/Mail-1-1024x1024.jpg\" alt=\"\" class=\"wp-image-178\" width=\"61\" height=\"61\" srcset=\"https:\/\/madascota.com\/wp-content\/uploads\/2020\/09\/Mail-1-1024x1024.jpg 1024w, https:\/\/madascota.com\/wp-content\/uploads\/2020\/09\/Mail-1-300x300.jpg 300w, https:\/\/madascota.com\/wp-content\/uploads\/2020\/09\/Mail-1-150x150.jpg 150w, https:\/\/madascota.com\/wp-content\/uploads\/2020\/09\/Mail-1-768x768.jpg 768w, https:\/\/madascota.com\/wp-content\/uploads\/2020\/09\/Mail-1.jpg 1200w\" sizes=\"(max-width: 61px) 100vw, 61px\" \/><\/a><\/figure><\/div>\n\n\n\n<div class=\"wp-block-image\"><figure class=\"alignleft size-large is-resized\"><a href=\"https:\/\/www.helloasso.com\/associations\/madascota-animal-aid\"><img loading=\"lazy\" decoding=\"async\" src=\"http:\/\/madascota.com\/wp-content\/uploads\/2020\/09\/HelloAsso-edited.jpg\" alt=\"\" class=\"wp-image-215\" width=\"55\" height=\"55\" srcset=\"https:\/\/madascota.com\/wp-content\/uploads\/2020\/09\/HelloAsso-edited.jpg 201w, https:\/\/madascota.com\/wp-content\/uploads\/2020\/09\/HelloAsso-edited-150x150.jpg 150w\" sizes=\"(max-width: 55px) 100vw, 55px\" \/><\/a><\/figure><\/div>\n\n\n\n<div class=\"wp-block-image\"><figure class=\"alignleft size-large is-resized\"><a href=\"https:\/\/www.teaming.net\/madascotaanimalaid\"><img loading=\"lazy\" decoding=\"async\" src=\"http:\/\/madascota.com\/wp-content\/uploads\/2020\/09\/Teaming-edited.png\" alt=\"\" class=\"wp-image-218\" width=\"54\" height=\"54\" srcset=\"https:\/\/madascota.com\/wp-content\/uploads\/2020\/09\/Teaming-edited.png 267w, https:\/\/madascota.com\/wp-content\/uploads\/2020\/09\/Teaming-edited-150x150.png 150w\" sizes=\"(max-width: 54px) 100vw, 54px\" \/><\/a><\/figure><\/div>\n<\/div><\/div>\n","protected":false},"excerpt":{"rendered":"<p>Dans un pays o\u00f9 la priorit\u00e9 de la plupart de la population est la survie, &hellip; <\/p>\n","protected":false},"author":1,"featured_media":0,"parent":0,"menu_order":0,"comment_status":"closed","ping_status":"closed","template":"","meta":{"footnotes":""},"_links":{"self":[{"href":"https:\/\/madascota.com\/index.php\/wp-json\/wp\/v2\/pages\/137"}],"collection":[{"href":"https:\/\/madascota.com\/index.php\/wp-json\/wp\/v2\/pages"}],"about":[{"href":"https:\/\/madascota.com\/index.php\/wp-json\/wp\/v2\/types\/page"}],"author":[{"embeddable":true,"href":"https:\/\/madascota.com\/index.php\/wp-json\/wp\/v2\/users\/1"}],"replies":[{"embeddable":true,"href":"https:\/\/madascota.com\/index.php\/wp-json\/wp\/v2\/comments?post=137"}],"version-history":[{"count":8,"href":"https:\/\/madascota.com\/index.php\/wp-json\/wp\/v2\/pages\/137\/revisions"}],"predecessor-version":[{"id":243,"href":"https:\/\/madascota.com\/index.php\/wp-json\/wp\/v2\/pages\/137\/revisions\/243"}],"wp:attachment":[{"href":"https:\/\/madascota.com\/index.php\/wp-json\/wp\/v2\/media?parent=137"}],"curies":[{"name":"wp","href":"https:\/\/api.w.org\/{rel}","templated":true}]}}