{"id":31,"date":"2020-09-05T15:08:42","date_gmt":"2020-09-05T13:08:42","guid":{"rendered":"http:\/\/madascota.com\/?page_id=31"},"modified":"2023-05-11T16:15:58","modified_gmt":"2023-05-11T14:15:58","slug":"devenir-benevole","status":"publish","type":"page","link":"https:\/\/madascota.com\/index.php\/devenir-benevole\/","title":{"rendered":"Devenir b\u00e9n\u00e9vole"},"content":{"rendered":"\n<div class=\"wp-block-image\"><figure class=\"aligncenter size-full is-resized\"><img loading=\"lazy\" decoding=\"async\" src=\"http:\/\/madascota.com\/wp-content\/uploads\/2020\/09\/Sans-titre.jpg\" alt=\"\" class=\"wp-image-94\" width=\"712\" height=\"271\" srcset=\"https:\/\/madascota.com\/wp-content\/uploads\/2020\/09\/Sans-titre.jpg 454w, https:\/\/madascota.com\/wp-content\/uploads\/2020\/09\/Sans-titre-300x114.jpg 300w\" sizes=\"(max-width: 712px) 100vw, 712px\" \/><\/figure><\/div>\n\n\n\n<h2 class=\"wp-block-heading\"><span style=\"text-decoration: underline;\">Le b\u00e9n\u00e9volat<\/span><\/h2>\n\n\n\n<p>Madascota recherche constamment des b\u00e9n\u00e9voles sur le terrain, aussi bien en France, qu\u2019\u00e0 Madagascar.<\/p>\n\n\n\n<p><strong><span class=\"has-inline-color\" style=\"color:#98893c\">Mener \u00e0 bien nos actions locales, nous aider \u00e0 communiquer et d\u00e9velopper notre association, rechercher des dons\u2026quelques que soient vos comp\u00e9tences, nous avons une mission \u00e0 vous confier !<\/span><\/strong><\/p>\n\n\n\n<h2 class=\"wp-block-heading\"><span style=\"text-decoration: underline;\">Partir en mission humanitaire pour les animaux<\/span><\/h2>\n\n\n\n<p>Vous \u00eates v\u00e9t\u00e9rinaire ou \u00e9tudiant v\u00e9t\u00e9rinaire?<\/p>\n\n\n\n<p>Vous avez une comp\u00e9tence m\u00e9tier en lien avec les animaux ou nos missions ?<\/p>\n\n\n\n<p>Alors, n\u2019h\u00e9sitez pas \u00e0 nous rejoindre. <strong><span class=\"has-inline-color\" style=\"color:#98893c\">Nous organisons chaque ann\u00e9e des campagnes de st\u00e9rilisation et de grandes campagnes de sauvetages.<\/span><\/strong><\/p>\n\n\n\n<p>Pour rejoindre nos \u00e9quipes, il faut \u00eatre capable de s\u2019adapter aux conditions de travail en fonction des saisons et des besoins du projet ; il faut \u00e9galement pouvoir s\u2019adapter aux conditions de vie locale, parfois loin de notre confort moderne.<\/p>\n\n\n\n<p>Vous travaillerez en \u00e9quipe, que \u00e7a soit avec d\u2019autres volontaires ou avec des professionnels. Et vous devrez parfois faire face \u00e0 des locaux r\u00e9fractaires \u00e0 vos engagements.<\/p>\n\n\n\n<p>Vous serez totalement immerg\u00e9 dans la culture malgache et vous vivrez une exp\u00e9rience unique dans votre d\u00e9veloppement tant personnel que professionnel.<\/p>\n\n\n\n<p>Votre logement et la nourriture sont pris en charge, seul le voyage reste \u00e0 votre charge.<\/p>\n\n\n\n<p><strong><span class=\"has-inline-color\" style=\"color:#98893c\">Partir en mission humanitaire avec Madascota, c\u2019est vivre une exp\u00e9rience unique qui marquera \u00e0 jamais vos esprits tant elle sera riche en \u00e9motions et en accomplissement personnel, le tout pour le bien-\u00eatre et le sauvetage du plus grand nombre de nos petits prot\u00e9g\u00e9s.<\/span><\/strong><\/p>\n\n\n\n<figure class=\"wp-block-pullquote\"><blockquote><p><mark style=\"background-color:rgba(0, 0, 0, 0);color:#98893c\" class=\"has-inline-color\"><strong>Si vous souhaitez rejoindre notre belle famille,<br>N\u2019h\u00e9sitez pas \u00e0 nous joindre par mail : madascota@gmail.com<br>ou par t\u00e9l\u00e9phone : 06 84 32 31 05<\/strong><\/mark><\/p><\/blockquote><\/figure>\n\n\n\n<div class=\"wp-block-image\"><figure class=\"alignleft size-large is-resized\"><a href=\"https:\/\/www.facebook.com\/Madascota-Animal-Aid-107926887629971\" target=\"_blank\" rel=\"noopener noreferrer\"><img loading=\"lazy\" decoding=\"async\" src=\"http:\/\/madascota.com\/wp-content\/uploads\/2020\/09\/facebook-1-1024x1024.jpg\" alt=\"\" class=\"wp-image-175\" width=\"58\" height=\"58\" srcset=\"https:\/\/madascota.com\/wp-content\/uploads\/2020\/09\/facebook-1-1024x1024.jpg 1024w, https:\/\/madascota.com\/wp-content\/uploads\/2020\/09\/facebook-1-300x300.jpg 300w, https:\/\/madascota.com\/wp-content\/uploads\/2020\/09\/facebook-1-150x150.jpg 150w, https:\/\/madascota.com\/wp-content\/uploads\/2020\/09\/facebook-1-768x768.jpg 768w, https:\/\/madascota.com\/wp-content\/uploads\/2020\/09\/facebook-1-1536x1536.jpg 1536w, https:\/\/madascota.com\/wp-content\/uploads\/2020\/09\/facebook-1.jpg 1600w\" sizes=\"(max-width: 58px) 100vw, 58px\" \/><\/a><\/figure><\/div>\n\n\n\n<div class=\"wp-block-image\"><figure class=\"alignleft size-large is-resized\"><a href=\"https:\/\/www.instagram.com\/madascota.animal.aid\/?hl=fr\"><img loading=\"lazy\" decoding=\"async\" src=\"http:\/\/madascota.com\/wp-content\/uploads\/2020\/09\/Instagram-1-edited.jpg\" alt=\"\" class=\"wp-image-177\" width=\"57\" height=\"57\" srcset=\"https:\/\/madascota.com\/wp-content\/uploads\/2020\/09\/Instagram-1-edited.jpg 391w, https:\/\/madascota.com\/wp-content\/uploads\/2020\/09\/Instagram-1-edited-300x300.jpg 300w, https:\/\/madascota.com\/wp-content\/uploads\/2020\/09\/Instagram-1-edited-150x150.jpg 150w\" sizes=\"(max-width: 57px) 100vw, 57px\" \/><\/a><\/figure><\/div>\n\n\n\n<div class=\"wp-block-image\"><figure class=\"alignleft size-large is-resized\"><a href=\"http:\/\/madascota.com\/index.php\/contact\/\" target=\"_blank\" rel=\"noopener noreferrer\"><img loading=\"lazy\" decoding=\"async\" src=\"http:\/\/madascota.com\/wp-content\/uploads\/2020\/09\/Mail-1-1024x1024.jpg\" alt=\"\" class=\"wp-image-178\" width=\"61\" height=\"61\" srcset=\"https:\/\/madascota.com\/wp-content\/uploads\/2020\/09\/Mail-1-1024x1024.jpg 1024w, https:\/\/madascota.com\/wp-content\/uploads\/2020\/09\/Mail-1-300x300.jpg 300w, https:\/\/madascota.com\/wp-content\/uploads\/2020\/09\/Mail-1-150x150.jpg 150w, https:\/\/madascota.com\/wp-content\/uploads\/2020\/09\/Mail-1-768x768.jpg 768w, https:\/\/madascota.com\/wp-content\/uploads\/2020\/09\/Mail-1.jpg 1200w\" sizes=\"(max-width: 61px) 100vw, 61px\" \/><\/a><\/figure><\/div>\n\n\n\n<div class=\"wp-block-image\"><figure class=\"alignleft size-large is-resized\"><a href=\"https:\/\/www.helloasso.com\/associations\/madascota-animal-aid\"><img loading=\"lazy\" decoding=\"async\" src=\"http:\/\/madascota.com\/wp-content\/uploads\/2020\/09\/HelloAsso-edited.jpg\" alt=\"\" class=\"wp-image-215\" width=\"55\" height=\"55\" srcset=\"https:\/\/madascota.com\/wp-content\/uploads\/2020\/09\/HelloAsso-edited.jpg 201w, https:\/\/madascota.com\/wp-content\/uploads\/2020\/09\/HelloAsso-edited-150x150.jpg 150w\" sizes=\"(max-width: 55px) 100vw, 55px\" \/><\/a><\/figure><\/div>\n\n\n\n<div class=\"wp-block-image\"><figure class=\"alignleft size-large is-resized\"><a href=\"https:\/\/www.teaming.net\/madascotaanimalaid\"><img loading=\"lazy\" decoding=\"async\" src=\"http:\/\/madascota.com\/wp-content\/uploads\/2020\/09\/Teaming-edited.png\" alt=\"\" class=\"wp-image-218\" width=\"54\" height=\"54\" srcset=\"https:\/\/madascota.com\/wp-content\/uploads\/2020\/09\/Teaming-edited.png 267w, https:\/\/madascota.com\/wp-content\/uploads\/2020\/09\/Teaming-edited-150x150.png 150w\" sizes=\"(max-width: 54px) 100vw, 54px\" \/><\/a><\/figure><\/div>\n\n\n\n<p><\/p>\n","protected":false},"excerpt":{"rendered":"<p>Le b\u00e9n\u00e9volat Madascota recherche constamment des b\u00e9n\u00e9voles sur le terrain, aussi bien en France, qu\u2019\u00e0 &hellip; <\/p>\n","protected":false},"author":1,"featured_media":0,"parent":0,"menu_order":0,"comment_status":"closed","ping_status":"closed","template":"","meta":{"footnotes":""},"_links":{"self":[{"href":"https:\/\/madascota.com\/index.php\/wp-json\/wp\/v2\/pages\/31"}],"collection":[{"href":"https:\/\/madascota.com\/index.php\/wp-json\/wp\/v2\/pages"}],"about":[{"href":"https:\/\/madascota.com\/index.php\/wp-json\/wp\/v2\/types\/page"}],"author":[{"embeddable":true,"href":"https:\/\/madascota.com\/index.php\/wp-json\/wp\/v2\/users\/1"}],"replies":[{"embeddable":true,"href":"https:\/\/madascota.com\/index.php\/wp-json\/wp\/v2\/comments?post=31"}],"version-history":[{"count":15,"href":"https:\/\/madascota.com\/index.php\/wp-json\/wp\/v2\/pages\/31\/revisions"}],"predecessor-version":[{"id":572,"href":"https:\/\/madascota.com\/index.php\/wp-json\/wp\/v2\/pages\/31\/revisions\/572"}],"wp:attachment":[{"href":"https:\/\/madascota.com\/index.php\/wp-json\/wp\/v2\/media?parent=31"}],"curies":[{"name":"wp","href":"https:\/\/api.w.org\/{rel}","templated":true}]}}