{"id":33,"date":"2020-09-05T15:12:47","date_gmt":"2020-09-05T13:12:47","guid":{"rendered":"http:\/\/madascota.com\/?page_id=33"},"modified":"2020-09-19T20:49:41","modified_gmt":"2020-09-19T18:49:41","slug":"lhistoire","status":"publish","type":"page","link":"https:\/\/madascota.com\/index.php\/lhistoire\/","title":{"rendered":"L&rsquo;histoire"},"content":{"rendered":"\n<p>Ma famille m\u00e8ne depuis des ann\u00e9es des missions humanitaires \u00e0 Madagascar. Entre cr\u00e9ation d\u2019orphelinat, \u00e9quipement de lunettes, et soins divers, elle tente d\u2019apporter un peu de r\u00e9confort aux malgaches les plus d\u00e9munis.<\/p>\n\n\n\n<p>Forte de l\u2019exp\u00e9rience des miens, j\u2019ai d\u00e9cid\u00e9 de les suivre et de mettre ma pierre \u00e0 l\u2019\u00e9difice.<\/p>\n\n\n\n<p>Sur place, j\u2019ai \u00e9t\u00e9 effar\u00e9e, de voir que des milliers de chiens tra\u00eenaient dans les rues, fam\u00e9liques, sans soins, ni affection, juste livr\u00e9s \u00e0 eux-m\u00eames. J\u2019\u00e9tais boulevers\u00e9e, an\u00e9antie devant cette vision d\u2019horreur !<\/p>\n\n\n\n<p>Une bonne partie de la population malgache ne les aime pas. Lorsque leur nombre devient trop important, des descentes sont organis\u00e9es dans les villages pour les exterminer\u2026c\u2019est ce qu\u2019ils appellent la \u00ab d\u00e9canisation \u00bb.<\/p>\n\n\n\n<p><strong>Passionn\u00e9e par la cause animale depuis toujours, j\u2019ai d\u00e9cid\u00e9 que cette mission-l\u00e0 serait mienne : sauver le plus possible de chiens de la mis\u00e8re, la maltraitance et l\u2019extermination en les sortant de la rue.<\/strong><\/p>\n\n\n\n<p>Au-del\u00e0 de l\u2019amour inconditionnel que je porte aux animaux, je d\u00e9fends le principe selon lequel l\u2019\u00e9volution d\u2019un pays repose aussi sur un traitement sain, respectueux et juste de l\u2019animal. <em><strong>Parce que la dignit\u00e9 de l\u2019homme passe aussi par le respect et la dignit\u00e9 de tout ce qui l\u2019entoure.<\/strong><\/em><\/p>\n\n\n\n<p>Enfin, s\u2019il fallait devoir se justifier sur ma volont\u00e9 d\u2019apporter mon aide aux animaux dans un pays en grande pr\u00e9carit\u00e9, je vous dirais que je consid\u00e8re que la sant\u00e9 des animaux doit \u00eatre prise en compte au m\u00eame titre que celle de l\u2019homme. En effet, les animaux, m\u00eame domestiques peuvent \u00eatre vecteur de maladies, bact\u00e9ries, parasitose, etc\u2026qui peuvent atteindre l\u2019homme et nuire grandement \u00e0 son hygi\u00e8ne de vie.<\/p>\n\n\n\n<p>De fait, l\u2019animal a besoin, tout comme l\u2019homme de soins, pour assurer son bien-\u00eatre et celui de son entourage.<\/p>\n\n\n\n<p>J\u2019ai donc d\u00e9cid\u00e9 de cr\u00e9er Madascota&#8230;<\/p>\n\n\n\n<p class=\"has-text-align-right\">Sabine AUBEL,<br>Pr\u00e9sidente.<\/p>\n\n\n\n<div class=\"wp-block-image\"><figure class=\"alignright size-large\"><img loading=\"lazy\" decoding=\"async\" width=\"80\" height=\"110\" src=\"http:\/\/madascota.com\/wp-content\/uploads\/2020\/09\/PortraitSabine.jpg\" alt=\"\" class=\"wp-image-92\"\/><\/figure><\/div>\n\n\n\n<div class=\"wp-block-image\"><figure class=\"alignleft size-large is-resized\"><a href=\"https:\/\/www.facebook.com\/Madascota-Animal-Aid-107926887629971\" target=\"_blank\" rel=\"noopener noreferrer\"><img loading=\"lazy\" decoding=\"async\" src=\"http:\/\/madascota.com\/wp-content\/uploads\/2020\/09\/facebook-1-1024x1024.jpg\" alt=\"\" class=\"wp-image-175\" width=\"58\" height=\"58\" srcset=\"https:\/\/madascota.com\/wp-content\/uploads\/2020\/09\/facebook-1-1024x1024.jpg 1024w, https:\/\/madascota.com\/wp-content\/uploads\/2020\/09\/facebook-1-300x300.jpg 300w, https:\/\/madascota.com\/wp-content\/uploads\/2020\/09\/facebook-1-150x150.jpg 150w, https:\/\/madascota.com\/wp-content\/uploads\/2020\/09\/facebook-1-768x768.jpg 768w, https:\/\/madascota.com\/wp-content\/uploads\/2020\/09\/facebook-1-1536x1536.jpg 1536w, https:\/\/madascota.com\/wp-content\/uploads\/2020\/09\/facebook-1.jpg 1600w\" sizes=\"(max-width: 58px) 100vw, 58px\" \/><\/a><\/figure><\/div>\n\n\n\n<div class=\"wp-block-image\"><figure class=\"alignleft size-large is-resized\"><img loading=\"lazy\" decoding=\"async\" src=\"http:\/\/madascota.com\/wp-content\/uploads\/2020\/09\/Instagram-1-edited.jpg\" alt=\"\" class=\"wp-image-177\" width=\"57\" height=\"57\" srcset=\"https:\/\/madascota.com\/wp-content\/uploads\/2020\/09\/Instagram-1-edited.jpg 391w, https:\/\/madascota.com\/wp-content\/uploads\/2020\/09\/Instagram-1-edited-300x300.jpg 300w, https:\/\/madascota.com\/wp-content\/uploads\/2020\/09\/Instagram-1-edited-150x150.jpg 150w\" sizes=\"(max-width: 57px) 100vw, 57px\" \/><\/figure><\/div>\n\n\n\n<div class=\"wp-block-image\"><figure class=\"alignleft size-large is-resized\"><a href=\"http:\/\/madascota.com\/index.php\/contact\/\" target=\"_blank\" rel=\"noopener noreferrer\"><img loading=\"lazy\" decoding=\"async\" src=\"http:\/\/madascota.com\/wp-content\/uploads\/2020\/09\/Mail-1-1024x1024.jpg\" alt=\"\" class=\"wp-image-178\" width=\"61\" height=\"61\" srcset=\"https:\/\/madascota.com\/wp-content\/uploads\/2020\/09\/Mail-1-1024x1024.jpg 1024w, https:\/\/madascota.com\/wp-content\/uploads\/2020\/09\/Mail-1-300x300.jpg 300w, https:\/\/madascota.com\/wp-content\/uploads\/2020\/09\/Mail-1-150x150.jpg 150w, https:\/\/madascota.com\/wp-content\/uploads\/2020\/09\/Mail-1-768x768.jpg 768w, https:\/\/madascota.com\/wp-content\/uploads\/2020\/09\/Mail-1.jpg 1200w\" sizes=\"(max-width: 61px) 100vw, 61px\" \/><\/a><\/figure><\/div>\n\n\n\n<div class=\"wp-block-image\"><figure class=\"alignleft size-large is-resized\"><a href=\"https:\/\/www.helloasso.com\/associations\/madascota-animal-aid\"><img loading=\"lazy\" decoding=\"async\" src=\"http:\/\/madascota.com\/wp-content\/uploads\/2020\/09\/HelloAsso-edited.jpg\" alt=\"\" class=\"wp-image-215\" width=\"55\" height=\"55\" srcset=\"https:\/\/madascota.com\/wp-content\/uploads\/2020\/09\/HelloAsso-edited.jpg 201w, https:\/\/madascota.com\/wp-content\/uploads\/2020\/09\/HelloAsso-edited-150x150.jpg 150w\" sizes=\"(max-width: 55px) 100vw, 55px\" \/><\/a><\/figure><\/div>\n\n\n\n<div class=\"wp-block-image\"><figure class=\"alignleft size-large is-resized\"><a href=\"https:\/\/www.teaming.net\/madascotaanimalaid\"><img loading=\"lazy\" decoding=\"async\" src=\"http:\/\/madascota.com\/wp-content\/uploads\/2020\/09\/Teaming-edited.png\" alt=\"\" class=\"wp-image-218\" width=\"54\" height=\"54\" srcset=\"https:\/\/madascota.com\/wp-content\/uploads\/2020\/09\/Teaming-edited.png 267w, https:\/\/madascota.com\/wp-content\/uploads\/2020\/09\/Teaming-edited-150x150.png 150w\" sizes=\"(max-width: 54px) 100vw, 54px\" \/><\/a><\/figure><\/div>\n","protected":false},"excerpt":{"rendered":"<p>Ma famille m\u00e8ne depuis des ann\u00e9es des missions humanitaires \u00e0 Madagascar. Entre cr\u00e9ation d\u2019orphelinat, \u00e9quipement &hellip; <\/p>\n","protected":false},"author":1,"featured_media":0,"parent":0,"menu_order":0,"comment_status":"closed","ping_status":"closed","template":"","meta":{"footnotes":""},"_links":{"self":[{"href":"https:\/\/madascota.com\/index.php\/wp-json\/wp\/v2\/pages\/33"}],"collection":[{"href":"https:\/\/madascota.com\/index.php\/wp-json\/wp\/v2\/pages"}],"about":[{"href":"https:\/\/madascota.com\/index.php\/wp-json\/wp\/v2\/types\/page"}],"author":[{"embeddable":true,"href":"https:\/\/madascota.com\/index.php\/wp-json\/wp\/v2\/users\/1"}],"replies":[{"embeddable":true,"href":"https:\/\/madascota.com\/index.php\/wp-json\/wp\/v2\/comments?post=33"}],"version-history":[{"count":7,"href":"https:\/\/madascota.com\/index.php\/wp-json\/wp\/v2\/pages\/33\/revisions"}],"predecessor-version":[{"id":238,"href":"https:\/\/madascota.com\/index.php\/wp-json\/wp\/v2\/pages\/33\/revisions\/238"}],"wp:attachment":[{"href":"https:\/\/madascota.com\/index.php\/wp-json\/wp\/v2\/media?parent=33"}],"curies":[{"name":"wp","href":"https:\/\/api.w.org\/{rel}","templated":true}]}}