{"id":53,"date":"2020-09-05T15:37:50","date_gmt":"2020-09-05T13:37:50","guid":{"rendered":"http:\/\/madascota.com\/?page_id=53"},"modified":"2020-09-19T20:48:35","modified_gmt":"2020-09-19T18:48:35","slug":"ladoption-2","status":"publish","type":"page","link":"https:\/\/madascota.com\/index.php\/ladoption-2\/","title":{"rendered":"L&rsquo;adoption"},"content":{"rendered":"\n<p>Madascota vous permet d&rsquo;adopter des chiens ou des chats, de juv\u00e9nile \u00e0 adulte, pour enrichir votre foyer, voici les points \u00e0 aborder ensemble:<\/p>\n\n\n\n<h2 class=\"has-text-align-center wp-block-heading\"><a href=\"http:\/\/madascota.com\/index.php\/conditions-dadoption\/\" data-type=\"page\" data-id=\"104\">Conditions d&rsquo;adoption<\/a><\/h2>\n\n\n\n<h2 class=\"has-text-align-center wp-block-heading\"><a href=\"http:\/\/madascota.com\/index.php\/formulaire-de-pre-adoption\/\" data-type=\"page\" data-id=\"106\">Formulaire de pr\u00e9-adoption<\/a><\/h2>\n\n\n\n<h2 class=\"has-text-align-center wp-block-heading\"><a href=\"http:\/\/madascota.com\/index.php\/category\/nos-loulous-a-ladoption\/\">Nos loulous \u00e0 l&rsquo;adoption<\/a><\/h2>\n\n\n\n<div class=\"wp-block-image\"><figure class=\"alignleft size-large is-resized\"><a href=\"https:\/\/www.facebook.com\/Madascota-Animal-Aid-107926887629971\" target=\"_blank\" rel=\"noopener noreferrer\"><img loading=\"lazy\" decoding=\"async\" src=\"http:\/\/madascota.com\/wp-content\/uploads\/2020\/09\/facebook-1-1024x1024.jpg\" alt=\"\" class=\"wp-image-175\" width=\"58\" height=\"58\" srcset=\"https:\/\/madascota.com\/wp-content\/uploads\/2020\/09\/facebook-1-1024x1024.jpg 1024w, https:\/\/madascota.com\/wp-content\/uploads\/2020\/09\/facebook-1-300x300.jpg 300w, https:\/\/madascota.com\/wp-content\/uploads\/2020\/09\/facebook-1-150x150.jpg 150w, https:\/\/madascota.com\/wp-content\/uploads\/2020\/09\/facebook-1-768x768.jpg 768w, https:\/\/madascota.com\/wp-content\/uploads\/2020\/09\/facebook-1-1536x1536.jpg 1536w, https:\/\/madascota.com\/wp-content\/uploads\/2020\/09\/facebook-1.jpg 1600w\" sizes=\"(max-width: 58px) 100vw, 58px\" \/><\/a><\/figure><\/div>\n\n\n\n<div class=\"wp-block-image\"><figure class=\"alignleft size-large is-resized\"><img loading=\"lazy\" decoding=\"async\" src=\"http:\/\/madascota.com\/wp-content\/uploads\/2020\/09\/Instagram-1-edited.jpg\" alt=\"\" class=\"wp-image-177\" width=\"57\" height=\"57\" srcset=\"https:\/\/madascota.com\/wp-content\/uploads\/2020\/09\/Instagram-1-edited.jpg 391w, https:\/\/madascota.com\/wp-content\/uploads\/2020\/09\/Instagram-1-edited-300x300.jpg 300w, https:\/\/madascota.com\/wp-content\/uploads\/2020\/09\/Instagram-1-edited-150x150.jpg 150w\" sizes=\"(max-width: 57px) 100vw, 57px\" \/><\/figure><\/div>\n\n\n\n<div class=\"wp-block-image\"><figure class=\"alignleft size-large is-resized\"><a href=\"http:\/\/madascota.com\/index.php\/contact\/\" target=\"_blank\" rel=\"noopener noreferrer\"><img loading=\"lazy\" decoding=\"async\" src=\"http:\/\/madascota.com\/wp-content\/uploads\/2020\/09\/Mail-1-1024x1024.jpg\" alt=\"\" class=\"wp-image-178\" width=\"61\" height=\"61\" srcset=\"https:\/\/madascota.com\/wp-content\/uploads\/2020\/09\/Mail-1-1024x1024.jpg 1024w, https:\/\/madascota.com\/wp-content\/uploads\/2020\/09\/Mail-1-300x300.jpg 300w, https:\/\/madascota.com\/wp-content\/uploads\/2020\/09\/Mail-1-150x150.jpg 150w, https:\/\/madascota.com\/wp-content\/uploads\/2020\/09\/Mail-1-768x768.jpg 768w, https:\/\/madascota.com\/wp-content\/uploads\/2020\/09\/Mail-1.jpg 1200w\" sizes=\"(max-width: 61px) 100vw, 61px\" \/><\/a><\/figure><\/div>\n\n\n\n<div class=\"wp-block-image\"><figure class=\"alignleft size-large is-resized\"><a href=\"https:\/\/www.helloasso.com\/associations\/madascota-animal-aid\"><img loading=\"lazy\" decoding=\"async\" src=\"http:\/\/madascota.com\/wp-content\/uploads\/2020\/09\/HelloAsso-edited.jpg\" alt=\"\" class=\"wp-image-215\" width=\"55\" height=\"55\" srcset=\"https:\/\/madascota.com\/wp-content\/uploads\/2020\/09\/HelloAsso-edited.jpg 201w, https:\/\/madascota.com\/wp-content\/uploads\/2020\/09\/HelloAsso-edited-150x150.jpg 150w\" sizes=\"(max-width: 55px) 100vw, 55px\" \/><\/a><\/figure><\/div>\n\n\n\n<div class=\"wp-block-image\"><figure class=\"alignleft size-large is-resized\"><a href=\"https:\/\/www.teaming.net\/madascotaanimalaid\"><img loading=\"lazy\" decoding=\"async\" src=\"http:\/\/madascota.com\/wp-content\/uploads\/2020\/09\/Teaming-edited.png\" alt=\"\" class=\"wp-image-218\" width=\"54\" height=\"54\" srcset=\"https:\/\/madascota.com\/wp-content\/uploads\/2020\/09\/Teaming-edited.png 267w, https:\/\/madascota.com\/wp-content\/uploads\/2020\/09\/Teaming-edited-150x150.png 150w\" sizes=\"(max-width: 54px) 100vw, 54px\" \/><\/a><\/figure><\/div>\n","protected":false},"excerpt":{"rendered":"<p>Madascota vous permet d&rsquo;adopter des chiens ou des chats, de juv\u00e9nile \u00e0 adulte, pour enrichir &hellip; <\/p>\n","protected":false},"author":1,"featured_media":0,"parent":0,"menu_order":0,"comment_status":"closed","ping_status":"closed","template":"","meta":{"footnotes":""},"_links":{"self":[{"href":"https:\/\/madascota.com\/index.php\/wp-json\/wp\/v2\/pages\/53"}],"collection":[{"href":"https:\/\/madascota.com\/index.php\/wp-json\/wp\/v2\/pages"}],"about":[{"href":"https:\/\/madascota.com\/index.php\/wp-json\/wp\/v2\/types\/page"}],"author":[{"embeddable":true,"href":"https:\/\/madascota.com\/index.php\/wp-json\/wp\/v2\/users\/1"}],"replies":[{"embeddable":true,"href":"https:\/\/madascota.com\/index.php\/wp-json\/wp\/v2\/comments?post=53"}],"version-history":[{"count":9,"href":"https:\/\/madascota.com\/index.php\/wp-json\/wp\/v2\/pages\/53\/revisions"}],"predecessor-version":[{"id":235,"href":"https:\/\/madascota.com\/index.php\/wp-json\/wp\/v2\/pages\/53\/revisions\/235"}],"wp:attachment":[{"href":"https:\/\/madascota.com\/index.php\/wp-json\/wp\/v2\/media?parent=53"}],"curies":[{"name":"wp","href":"https:\/\/api.w.org\/{rel}","templated":true}]}}